{"id":42,"date":"2024-08-20T10:56:54","date_gmt":"2024-08-20T10:56:54","guid":{"rendered":"https:\/\/actitudpsicosocial.com\/?page_id=42"},"modified":"2024-08-31T15:14:04","modified_gmt":"2024-08-31T15:14:04","slug":"quienes-somos","status":"publish","type":"page","link":"https:\/\/actitudpsicosocial.com\/index.php\/quienes-somos\/","title":{"rendered":"Quienes somos"},"content":{"rendered":"\t\t<div data-elementor-type=\"wp-page\" data-elementor-id=\"42\" class=\"elementor elementor-42\">\n\t\t\t\t<div class=\"elementor-element elementor-element-6817fd5 e-flex e-con-boxed e-con e-parent\" data-id=\"6817fd5\" data-element_type=\"container\">\n\t\t\t\t\t<div class=\"e-con-inner\">\n\t\t\t\t<div class=\"elementor-element elementor-element-d0de6d6 elementor-widget elementor-widget-text-editor\" data-id=\"d0de6d6\" data-element_type=\"widget\" data-widget_type=\"text-editor.default\">\n\t\t\t\t<div class=\"elementor-widget-container\">\n\t\t\t\t\t\t\t<p>En <strong>ACTITUD PSICOSOCIAL<\/strong>, somos un grupo de profesionales interdisciplinares comprometidos con el bienestar de las personas y el desarrollo empresarial. Estamos especializadas en el abordaje de los factores de Riesgo Psicosocial, especialmente en los sectores sanitario y educativo. Nuestra misi\u00f3n es proporcionar <b>soluciones efectivas y personalizadas <\/b>para mejorar el bienestar y la salud mental de los trabajadores, facilitando la creaci\u00f3n de <b>ambientes laborales m\u00e1s seguros y saludables<\/b>.<\/p><p><\/p><p>Entendemos la <strong>urgente necesidad<\/strong> que tienen las empresas de implementar estrategias de <strong>prevenci\u00f3n de riesgos psicosociales<\/strong> no solo por el bienestar de sus empleados, sino tambi\u00e9n por el propio beneficio organizacional. El estr\u00e9s, la ansiedad, el burnout, los conflictos y las agresiones son problemas comunes en el \u00e1mbito laboral que pueden afectar significativamente a la productividad y el clima laboral. Por ello, trabajamos estrechamente con cada organizaci\u00f3n para identificar sus necesidades espec\u00edficas y desarrollar programas de formaci\u00f3n, acompa\u00f1amiento y\/o estrategias de mejora organizativas que promuevan un entorno de trabajo positivo y seguro.<\/p><p><\/p><p>Con un enfoque integral y personalizado, ayudamos a las organizaciones a solucionar situaciones conflictivas y a descubrir las oportunidades de mejora que toda crisis ofrece.<\/p><p><a href=\"mailto:madelabueno@gmail.com\" target=\"_blank\" style=\"font-family: var( --e-global-typography-text-font-family ), Sans-serif; font-weight: var( --e-global-typography-text-font-weight ); text-align: var(--text-align); background-color: #ffffff;\" rel=\"noopener\">Cont\u00e1ctenos<\/a>\u00a0sin compromiso para encontrar la soluci\u00f3n que mejor se adapte a sus necesidades.\u00a0<\/p>\t\t\t\t\t\t<\/div>\n\t\t\t\t<\/div>\n\t\t\t\t\t<\/div>\n\t\t\t\t<\/div>\n\t\t<div class=\"elementor-element elementor-element-29439ce e-flex e-con-boxed e-con e-parent\" data-id=\"29439ce\" data-element_type=\"container\">\n\t\t\t\t\t<div class=\"e-con-inner\">\n\t\t\t\t<div class=\"elementor-element elementor-element-b840575 elementor-widget elementor-widget-text-editor\" data-id=\"b840575\" data-element_type=\"widget\" data-widget_type=\"text-editor.default\">\n\t\t\t\t<div class=\"elementor-widget-container\">\n\t\t\t\t\t\t\t<ul><li><a href=\"https:\/\/atreveteabrillar.com\/\" target=\"_blank\" rel=\"noopener\">ANA BEL\u00c9N MENA RUIZ<\/a>\u00a0\u2013 GRADUADA SOCIAL Y COACH EMOCIONAL DE ALTO RENDIMIENTO.<\/li><li><a href=\"mailto:madelabueno@gmail.com\" target=\"_blank\" rel=\"noopener\">MAR\u00cdA ADELA BUENO GREGORIO<\/a>\u00a0\u2013 GRADUADA SOCIAL Y T\u00c9CNICO SUPERIOR EN PREVENCCI\u00d3N DE RIESGOS LABORALES.<\/li><\/ul><p>COLABORADORAS:<\/p><ul><li><a href=\"mailto:2doloresdiez@gmail.com\" target=\"_blank\" rel=\"noopener\">MAR\u00cdA DOLORES D\u00cdEZ SALINAS<\/a>\u00a0\u2013 ABOGADA.<\/li><li>MAR\u00cdA \u00c1NGELES BASTOR MAYORAL \u2013 NEURO PSIC\u00d3LOGA.<\/li><\/ul>\t\t\t\t\t\t<\/div>\n\t\t\t\t<\/div>\n\t\t\t\t\t<\/div>\n\t\t\t\t<\/div>\n\t\t\t\t<\/div>\n\t\t","protected":false},"excerpt":{"rendered":"<p>En ACTITUD PSICOSOCIAL, somos un grupo de profesionales interdisciplinares comprometidos con el bienestar de las personas y el desarrollo empresarial. Estamos especializadas en el abordaje de los factores de Riesgo Psicosocial, especialmente en los sectores sanitario y educativo. Nuestra misi\u00f3n es proporcionar soluciones efectivas y personalizadas para mejorar el bienestar [&hellip;]<\/p>\n","protected":false},"author":1,"featured_media":0,"parent":0,"menu_order":0,"comment_status":"closed","ping_status":"closed","template":"page-templates\/template-pagebuilder-full-width.php","meta":{"footnotes":""},"class_list":["post-42","page","type-page","status-publish","hentry"],"yoast_head":"<!-- This site is optimized with the Yoast SEO plugin v23.4 - https:\/\/yoast.com\/wordpress\/plugins\/seo\/ -->\n<title>Quienes somos - Actitud Psicosocial<\/title>\n<meta name=\"description\" content=\"Somos un grupo de profesionales interdisciplinares comprometidos con el bienestar de las personas y el desarrollo empresarial mediante la prevenci\u00f3n de Riesgos Psicosociales.\" \/>\n<meta name=\"robots\" content=\"index, follow, max-snippet:-1, max-image-preview:large, max-video-preview:-1\" \/>\n<link rel=\"canonical\" href=\"https:\/\/actitudpsicosocial.com\/index.php\/quienes-somos\/\" \/>\n<meta property=\"og:locale\" content=\"es_ES\" \/>\n<meta property=\"og:type\" content=\"article\" \/>\n<meta property=\"og:title\" content=\"Quienes somos - Actitud Psicosocial\" \/>\n<meta property=\"og:description\" content=\"Somos un grupo de profesionales interdisciplinares comprometidos con el bienestar de las personas y el desarrollo empresarial mediante la prevenci\u00f3n de Riesgos Psicosociales.\" \/>\n<meta property=\"og:url\" content=\"https:\/\/actitudpsicosocial.com\/index.php\/quienes-somos\/\" \/>\n<meta property=\"og:site_name\" content=\"Actitud Psicosocial\" \/>\n<meta property=\"article:modified_time\" content=\"2024-08-31T15:14:04+00:00\" \/>\n<meta name=\"twitter:card\" content=\"summary_large_image\" \/>\n<meta name=\"twitter:label1\" content=\"Tiempo de lectura\" \/>\n\t<meta name=\"twitter:data1\" content=\"2 minutos\" \/>\n<script type=\"application\/ld+json\" class=\"yoast-schema-graph\">{\"@context\":\"https:\/\/schema.org\",\"@graph\":[{\"@type\":\"WebPage\",\"@id\":\"https:\/\/actitudpsicosocial.com\/index.php\/quienes-somos\/\",\"url\":\"https:\/\/actitudpsicosocial.com\/index.php\/quienes-somos\/\",\"name\":\"Quienes somos - Actitud Psicosocial\",\"isPartOf\":{\"@id\":\"https:\/\/actitudpsicosocial.com\/#website\"},\"datePublished\":\"2024-08-20T10:56:54+00:00\",\"dateModified\":\"2024-08-31T15:14:04+00:00\",\"description\":\"Somos un grupo de profesionales interdisciplinares comprometidos con el bienestar de las personas y el desarrollo empresarial mediante la prevenci\u00f3n de Riesgos Psicosociales.\",\"breadcrumb\":{\"@id\":\"https:\/\/actitudpsicosocial.com\/index.php\/quienes-somos\/#breadcrumb\"},\"inLanguage\":\"es\",\"potentialAction\":[{\"@type\":\"ReadAction\",\"target\":[\"https:\/\/actitudpsicosocial.com\/index.php\/quienes-somos\/\"]}]},{\"@type\":\"BreadcrumbList\",\"@id\":\"https:\/\/actitudpsicosocial.com\/index.php\/quienes-somos\/#breadcrumb\",\"itemListElement\":[{\"@type\":\"ListItem\",\"position\":1,\"name\":\"Portada\",\"item\":\"https:\/\/actitudpsicosocial.com\/\"},{\"@type\":\"ListItem\",\"position\":2,\"name\":\"Quienes somos\"}]},{\"@type\":\"WebSite\",\"@id\":\"https:\/\/actitudpsicosocial.com\/#website\",\"url\":\"https:\/\/actitudpsicosocial.com\/\",\"name\":\"Actitud Psicosocial\",\"description\":\"\",\"potentialAction\":[{\"@type\":\"SearchAction\",\"target\":{\"@type\":\"EntryPoint\",\"urlTemplate\":\"https:\/\/actitudpsicosocial.com\/?s={search_term_string}\"},\"query-input\":{\"@type\":\"PropertyValueSpecification\",\"valueRequired\":true,\"valueName\":\"search_term_string\"}}],\"inLanguage\":\"es\"}]}<\/script>\n<!-- \/ Yoast SEO plugin. -->","yoast_head_json":{"title":"Quienes somos - Actitud Psicosocial","description":"Somos un grupo de profesionales interdisciplinares comprometidos con el bienestar de las personas y el desarrollo empresarial mediante la prevenci\u00f3n de Riesgos Psicosociales.","robots":{"index":"index","follow":"follow","max-snippet":"max-snippet:-1","max-image-preview":"max-image-preview:large","max-video-preview":"max-video-preview:-1"},"canonical":"https:\/\/actitudpsicosocial.com\/index.php\/quienes-somos\/","og_locale":"es_ES","og_type":"article","og_title":"Quienes somos - Actitud Psicosocial","og_description":"Somos un grupo de profesionales interdisciplinares comprometidos con el bienestar de las personas y el desarrollo empresarial mediante la prevenci\u00f3n de Riesgos Psicosociales.","og_url":"https:\/\/actitudpsicosocial.com\/index.php\/quienes-somos\/","og_site_name":"Actitud Psicosocial","article_modified_time":"2024-08-31T15:14:04+00:00","twitter_card":"summary_large_image","twitter_misc":{"Tiempo de lectura":"2 minutos"},"schema":{"@context":"https:\/\/schema.org","@graph":[{"@type":"WebPage","@id":"https:\/\/actitudpsicosocial.com\/index.php\/quienes-somos\/","url":"https:\/\/actitudpsicosocial.com\/index.php\/quienes-somos\/","name":"Quienes somos - Actitud Psicosocial","isPartOf":{"@id":"https:\/\/actitudpsicosocial.com\/#website"},"datePublished":"2024-08-20T10:56:54+00:00","dateModified":"2024-08-31T15:14:04+00:00","description":"Somos un grupo de profesionales interdisciplinares comprometidos con el bienestar de las personas y el desarrollo empresarial mediante la prevenci\u00f3n de Riesgos Psicosociales.","breadcrumb":{"@id":"https:\/\/actitudpsicosocial.com\/index.php\/quienes-somos\/#breadcrumb"},"inLanguage":"es","potentialAction":[{"@type":"ReadAction","target":["https:\/\/actitudpsicosocial.com\/index.php\/quienes-somos\/"]}]},{"@type":"BreadcrumbList","@id":"https:\/\/actitudpsicosocial.com\/index.php\/quienes-somos\/#breadcrumb","itemListElement":[{"@type":"ListItem","position":1,"name":"Portada","item":"https:\/\/actitudpsicosocial.com\/"},{"@type":"ListItem","position":2,"name":"Quienes somos"}]},{"@type":"WebSite","@id":"https:\/\/actitudpsicosocial.com\/#website","url":"https:\/\/actitudpsicosocial.com\/","name":"Actitud Psicosocial","description":"","potentialAction":[{"@type":"SearchAction","target":{"@type":"EntryPoint","urlTemplate":"https:\/\/actitudpsicosocial.com\/?s={search_term_string}"},"query-input":{"@type":"PropertyValueSpecification","valueRequired":true,"valueName":"search_term_string"}}],"inLanguage":"es"}]}},"_links":{"self":[{"href":"https:\/\/actitudpsicosocial.com\/index.php\/wp-json\/wp\/v2\/pages\/42","targetHints":{"allow":["GET"]}}],"collection":[{"href":"https:\/\/actitudpsicosocial.com\/index.php\/wp-json\/wp\/v2\/pages"}],"about":[{"href":"https:\/\/actitudpsicosocial.com\/index.php\/wp-json\/wp\/v2\/types\/page"}],"author":[{"embeddable":true,"href":"https:\/\/actitudpsicosocial.com\/index.php\/wp-json\/wp\/v2\/users\/1"}],"replies":[{"embeddable":true,"href":"https:\/\/actitudpsicosocial.com\/index.php\/wp-json\/wp\/v2\/comments?post=42"}],"version-history":[{"count":24,"href":"https:\/\/actitudpsicosocial.com\/index.php\/wp-json\/wp\/v2\/pages\/42\/revisions"}],"predecessor-version":[{"id":162,"href":"https:\/\/actitudpsicosocial.com\/index.php\/wp-json\/wp\/v2\/pages\/42\/revisions\/162"}],"wp:attachment":[{"href":"https:\/\/actitudpsicosocial.com\/index.php\/wp-json\/wp\/v2\/media?parent=42"}],"curies":[{"name":"wp","href":"https:\/\/api.w.org\/{rel}","templated":true}]}}